{"id":1075,"date":"2025-09-27T23:54:04","date_gmt":"2025-09-27T21:54:04","guid":{"rendered":"https:\/\/gruposeruma.com\/?page_id=1075"},"modified":"2025-09-28T01:41:37","modified_gmt":"2025-09-27T23:41:37","slug":"beneficios-y-compromiso","status":"publish","type":"page","link":"https:\/\/gruposeruma.com\/index.php\/beneficios-y-compromiso\/","title":{"rendered":"Beneficios y Compromiso"},"content":{"rendered":"\t\t<div data-elementor-type=\"wp-page\" data-elementor-id=\"1075\" class=\"elementor elementor-1075\">\n\t\t\t\t<div class=\"elementor-element elementor-element-uIgTJ23 e-flex e-con-boxed e-con e-parent\" data-id=\"uIgTJ23\" data-element_type=\"container\">\n\t\t\t\t\t<div class=\"e-con-inner\">\n\t\t<div class=\"elementor-element elementor-element-cEGW6IO e-con-full e-flex e-con e-child\" data-id=\"cEGW6IO\" data-element_type=\"container\">\n\t\t\t\t<div class=\"elementor-element elementor-element-6TUtGee elementor-widget elementor-widget-heading\" data-id=\"6TUtGee\" data-element_type=\"widget\" data-widget_type=\"heading.default\">\n\t\t\t\t<div class=\"elementor-widget-container\">\n\t\t\t\t\t<h2 class=\"elementor-heading-title elementor-size-default\">Beneficios para Nuestros\nColaboradores<\/h2>\t\t\t\t<\/div>\n\t\t\t\t<\/div>\n\t\t\t\t<\/div>\n\t\t<div class=\"elementor-element elementor-element-7c32638 e-con-full e-flex e-con e-child\" data-id=\"7c32638\" data-element_type=\"container\">\n\t\t\t\t<div class=\"elementor-element elementor-element-2957f50 elementor-widget elementor-widget-text-editor\" data-id=\"2957f50\" data-element_type=\"widget\" data-widget_type=\"text-editor.default\">\n\t\t\t\t<div class=\"elementor-widget-container\">\n\t\t\t\t\t\t\t\t\t<p>En <strong>SERUMA S.A.S.<\/strong> creemos que un equipo motivado es la clave para un servicio de calidad. Por eso ofrecemos:<\/p>\t\t\t\t\t\t\t\t<\/div>\n\t\t\t\t<\/div>\n\t\t\t\t<\/div>\n\t\t<div class=\"elementor-element elementor-element-UqyShg2 e-con-full e-flex e-con e-child\" data-id=\"UqyShg2\" data-element_type=\"container\">\n\t\t\t\t<div class=\"elementor-element elementor-element-a1c85fb elementor-widget-tablet_extra__width-initial elementor-widget elementor-widget-text-editor\" data-id=\"a1c85fb\" data-element_type=\"widget\" data-widget_type=\"text-editor.default\">\n\t\t\t\t<div class=\"elementor-widget-container\">\n\t\t\t\t\t\t\t\t\t<p>\u2022 Contrato a t\u00e9rmino indefinido.<\/p><p>\u2022 Compensaci\u00f3n competitiva.<\/p><p>\u2022 Descanso anual remunerado.<\/p><p>\u2022 Prima semestral (junio y diciembre).<\/p><p>\u2022 Auxilios de solidaridad en casos especiales.<\/p><p>\u2022 Seguros de vida y auxilios funerarios.<\/p><p>\u2022 Uniformes sin costo.<\/p><p>\u2022 Capacitaciones permanentes sin costo.<\/p>\t\t\t\t\t\t\t\t<\/div>\n\t\t\t\t<\/div>\n\t\t<div class=\"elementor-element elementor-element-c107ee8 e-grid e-con-full e-con e-child\" data-id=\"c107ee8\" data-element_type=\"container\">\n\t\t\t\t<\/div>\n\t\t\t\t<\/div>\n\t\t\t\t\t<\/div>\n\t\t\t\t<\/div>\n\t\t<div class=\"elementor-element elementor-element-ae43104 e-flex e-con-boxed e-con e-parent\" data-id=\"ae43104\" data-element_type=\"container\">\n\t\t\t\t\t<div class=\"e-con-inner\">\n\t\t<div class=\"elementor-element elementor-element-c942faa e-con-full e-flex e-con e-child\" data-id=\"c942faa\" data-element_type=\"container\">\n\t\t\t\t<div class=\"elementor-element elementor-element-f77f5af elementor-widget elementor-widget-heading\" data-id=\"f77f5af\" data-element_type=\"widget\" data-widget_type=\"heading.default\">\n\t\t\t\t<div class=\"elementor-widget-container\">\n\t\t\t\t\t<h2 class=\"elementor-heading-title elementor-size-default\">Nuestro Compromiso<\/h2>\t\t\t\t<\/div>\n\t\t\t\t<\/div>\n\t\t\t\t<\/div>\n\t\t<div class=\"elementor-element elementor-element-0d4e20d e-con-full e-flex e-con e-child\" data-id=\"0d4e20d\" data-element_type=\"container\">\n\t\t\t\t<div class=\"elementor-element elementor-element-99dd010 elementor-widget elementor-widget-text-editor\" data-id=\"99dd010\" data-element_type=\"widget\" data-widget_type=\"text-editor.default\">\n\t\t\t\t<div class=\"elementor-widget-container\">\n\t\t\t\t\t\t\t\t\t<p>Aunque a\u00fan no contamos con certificaciones internacionales, trabajamos bajo altos est\u00e1ndares de calidad y con una visi\u00f3n clara:<br \/><strong>Consolidarnos como la empresa l\u00edder en conserjer\u00eda integral en Medell\u00edn, reconocida por su innovaci\u00f3n, calidez y excelencia en la atenci\u00f3n al cliente.<\/strong><\/p>\t\t\t\t\t\t\t\t<\/div>\n\t\t\t\t<\/div>\n\t\t\t\t<\/div>\n\t\t\t\t\t<\/div>\n\t\t\t\t<\/div>\n\t\t\t\t<\/div>\n\t\t","protected":false},"excerpt":{"rendered":"<p>Beneficios para Nuestros Colaboradores En SERUMA S.A.S. creemos que un equipo motivado es la clave para un servicio de calidad. Por eso ofrecemos: \u2022 Contrato a t\u00e9rmino indefinido. \u2022 Compensaci\u00f3n competitiva. \u2022 Descanso anual remunerado. \u2022 Prima semestral (junio y diciembre). \u2022 Auxilios de solidaridad en casos especiales. \u2022 Seguros de vida y auxilios funerarios. [&hellip;]<\/p>\n","protected":false},"author":1,"featured_media":0,"parent":0,"menu_order":0,"comment_status":"closed","ping_status":"closed","template":"","meta":{"om_disable_all_campaigns":false,"_monsterinsights_skip_tracking":false,"_monsterinsights_sitenote_active":false,"_monsterinsights_sitenote_note":"","_monsterinsights_sitenote_category":0,"_joinchat":[],"footnotes":""},"class_list":["post-1075","page","type-page","status-publish","hentry"],"aioseo_notices":[],"_links":{"self":[{"href":"https:\/\/gruposeruma.com\/index.php\/wp-json\/wp\/v2\/pages\/1075","targetHints":{"allow":["GET"]}}],"collection":[{"href":"https:\/\/gruposeruma.com\/index.php\/wp-json\/wp\/v2\/pages"}],"about":[{"href":"https:\/\/gruposeruma.com\/index.php\/wp-json\/wp\/v2\/types\/page"}],"author":[{"embeddable":true,"href":"https:\/\/gruposeruma.com\/index.php\/wp-json\/wp\/v2\/users\/1"}],"replies":[{"embeddable":true,"href":"https:\/\/gruposeruma.com\/index.php\/wp-json\/wp\/v2\/comments?post=1075"}],"version-history":[{"count":22,"href":"https:\/\/gruposeruma.com\/index.php\/wp-json\/wp\/v2\/pages\/1075\/revisions"}],"predecessor-version":[{"id":1102,"href":"https:\/\/gruposeruma.com\/index.php\/wp-json\/wp\/v2\/pages\/1075\/revisions\/1102"}],"wp:attachment":[{"href":"https:\/\/gruposeruma.com\/index.php\/wp-json\/wp\/v2\/media?parent=1075"}],"curies":[{"name":"wp","href":"https:\/\/api.w.org\/{rel}","templated":true}]}}