{"id":155,"date":"2023-11-19T17:41:11","date_gmt":"2023-11-19T16:41:11","guid":{"rendered":"https:\/\/gruposeruma.com\/?page_id=155"},"modified":"2025-09-27T19:50:13","modified_gmt":"2025-09-27T17:50:13","slug":"quienes-somos","status":"publish","type":"page","link":"https:\/\/gruposeruma.com\/index.php\/quienes-somos\/","title":{"rendered":"\u00bfQui\u00e9nes somos?"},"content":{"rendered":"\t\t<div data-elementor-type=\"wp-page\" data-elementor-id=\"155\" class=\"elementor elementor-155\">\n\t\t\t\t<div class=\"elementor-element elementor-element-8948980 e-flex e-con-boxed e-con e-parent\" data-id=\"8948980\" data-element_type=\"container\">\n\t\t\t\t\t<div class=\"e-con-inner\">\n\t\t<div class=\"elementor-element elementor-element-c2ec07a e-con-full e-flex e-con e-child\" data-id=\"c2ec07a\" data-element_type=\"container\">\n\t\t\t\t<div class=\"elementor-element elementor-element-ffb342e elementor-invisible elementor-widget elementor-widget-text-editor\" data-id=\"ffb342e\" data-element_type=\"widget\" data-settings=\"{&quot;_animation&quot;:&quot;fadeInUp&quot;}\" data-widget_type=\"text-editor.default\">\n\t\t\t\t<div class=\"elementor-widget-container\">\n\t\t\t\t\t\t\t\t\t<p>En <strong>Grupo Empresarial SERUMA S.A.S<\/strong>. somos pioneros en Medell\u00edn en la prestaci\u00f3n de servicios de conserjer\u00eda. Nos especializamos en apoyar de manera integral a empresas, conjuntos residenciales, instituciones educativas y centros comerciales, a trav\u00e9s de soluciones que combinan confiabilidad, atenci\u00f3n humana y medios tecnol\u00f3gicos.<br \/>Nuestro compromiso es ofrecer un servicio profesional y cercano, que promueva la convivencia, la organizaci\u00f3n y el bienestar en los entornos que acompa\u00f1amos.<\/p>\t\t\t\t\t\t\t\t<\/div>\n\t\t\t\t<\/div>\n\t\t\t\t<\/div>\n\t\t<div class=\"elementor-element elementor-element-094ed28 e-con-full e-flex e-con e-child\" data-id=\"094ed28\" data-element_type=\"container\" data-settings=\"{&quot;background_background&quot;:&quot;classic&quot;}\">\n\t\t\t\t<\/div>\n\t\t\t\t\t<\/div>\n\t\t\t\t<\/div>\n\t\t\t\t<\/div>\n\t\t","protected":false},"excerpt":{"rendered":"<p>En Grupo Empresarial SERUMA S.A.S. somos pioneros en Medell\u00edn en la prestaci\u00f3n de servicios de conserjer\u00eda. Nos especializamos en apoyar de manera integral a empresas, conjuntos residenciales, instituciones educativas y centros comerciales, a trav\u00e9s de soluciones que combinan confiabilidad, atenci\u00f3n humana y medios tecnol\u00f3gicos.Nuestro compromiso es ofrecer un servicio profesional y cercano, que promueva la [&hellip;]<\/p>\n","protected":false},"author":1,"featured_media":0,"parent":0,"menu_order":0,"comment_status":"closed","ping_status":"closed","template":"","meta":{"om_disable_all_campaigns":false,"_monsterinsights_skip_tracking":false,"_monsterinsights_sitenote_active":false,"_monsterinsights_sitenote_note":"","_monsterinsights_sitenote_category":0,"_joinchat":[],"footnotes":""},"class_list":["post-155","page","type-page","status-publish","hentry"],"aioseo_notices":[],"_links":{"self":[{"href":"https:\/\/gruposeruma.com\/index.php\/wp-json\/wp\/v2\/pages\/155","targetHints":{"allow":["GET"]}}],"collection":[{"href":"https:\/\/gruposeruma.com\/index.php\/wp-json\/wp\/v2\/pages"}],"about":[{"href":"https:\/\/gruposeruma.com\/index.php\/wp-json\/wp\/v2\/types\/page"}],"author":[{"embeddable":true,"href":"https:\/\/gruposeruma.com\/index.php\/wp-json\/wp\/v2\/users\/1"}],"replies":[{"embeddable":true,"href":"https:\/\/gruposeruma.com\/index.php\/wp-json\/wp\/v2\/comments?post=155"}],"version-history":[{"count":91,"href":"https:\/\/gruposeruma.com\/index.php\/wp-json\/wp\/v2\/pages\/155\/revisions"}],"predecessor-version":[{"id":1015,"href":"https:\/\/gruposeruma.com\/index.php\/wp-json\/wp\/v2\/pages\/155\/revisions\/1015"}],"wp:attachment":[{"href":"https:\/\/gruposeruma.com\/index.php\/wp-json\/wp\/v2\/media?parent=155"}],"curies":[{"name":"wp","href":"https:\/\/api.w.org\/{rel}","templated":true}]}}