{"id":157,"date":"2023-11-19T17:42:07","date_gmt":"2023-11-19T16:42:07","guid":{"rendered":"https:\/\/gruposeruma.com\/?page_id=157"},"modified":"2025-09-27T19:53:51","modified_gmt":"2025-09-27T17:53:51","slug":"informacion-corporativa","status":"publish","type":"page","link":"https:\/\/gruposeruma.com\/index.php\/informacion-corporativa\/","title":{"rendered":"Informaci\u00f3n corporativa"},"content":{"rendered":"\t\t<div data-elementor-type=\"wp-page\" data-elementor-id=\"157\" class=\"elementor elementor-157\">\n\t\t\t\t<div class=\"elementor-element elementor-element-ca45a65 e-flex e-con-boxed e-con e-parent\" data-id=\"ca45a65\" data-element_type=\"container\">\n\t\t\t\t\t<div class=\"e-con-inner\">\n\t\t<div class=\"elementor-element elementor-element-5bd7739 e-con-full e-flex e-con e-child\" data-id=\"5bd7739\" data-element_type=\"container\">\n\t\t\t\t<div class=\"elementor-element elementor-element-7b053de elementor-invisible elementor-widget elementor-widget-heading\" data-id=\"7b053de\" data-element_type=\"widget\" data-settings=\"{&quot;_animation&quot;:&quot;fadeInDown&quot;}\" data-widget_type=\"heading.default\">\n\t\t\t\t<div class=\"elementor-widget-container\">\n\t\t\t\t\t<h2 class=\"elementor-heading-title elementor-size-medium\">Misi\u00f3n <\/h2>\t\t\t\t<\/div>\n\t\t\t\t<\/div>\n\t\t\t\t<\/div>\n\t\t<div class=\"elementor-element elementor-element-d46ebe8 e-con-full e-flex e-con e-child\" data-id=\"d46ebe8\" data-element_type=\"container\">\n\t\t\t\t<\/div>\n\t\t<div class=\"elementor-element elementor-element-5a6a8ba e-con-full e-flex e-con e-child\" data-id=\"5a6a8ba\" data-element_type=\"container\">\n\t\t\t\t<div class=\"elementor-element elementor-element-3798f99 elementor-invisible elementor-widget elementor-widget-text-editor\" data-id=\"3798f99\" data-element_type=\"widget\" data-settings=\"{&quot;_animation&quot;:&quot;fadeInUp&quot;}\" data-widget_type=\"text-editor.default\">\n\t\t\t\t<div class=\"elementor-widget-container\">\n\t\t\t\t\t\t\t\t\t<p>En <strong>SERUMA S.A.S<\/strong>. nos especializamos en ofrecer soluciones integrales en conserjer\u00eda, limpieza, mantenimiento y medios tecnol\u00f3gicos para los sectores residencial, comercial, industrial, hotelero y p\u00fablico.<br \/>A trav\u00e9s de la formaci\u00f3n continua de nuestro equipo humano, garantizamos un servicio confiable y profesional, basado en la gesti\u00f3n preventiva de entornos y en altos est\u00e1ndares de calidad y eficiencia. Nuestro prop\u00f3sito es satisfacer las necesidades y expectativas de los clientes con transparencia, \u00e9tica y procesos de mejora continua.<\/p>\t\t\t\t\t\t\t\t<\/div>\n\t\t\t\t<\/div>\n\t\t\t\t<\/div>\n\t\t<div class=\"elementor-element elementor-element-d6210cb e-con-full e-flex e-con e-child\" data-id=\"d6210cb\" data-element_type=\"container\">\n\t\t<div class=\"elementor-element elementor-element-11da54e e-con-full e-flex e-con e-child\" data-id=\"11da54e\" data-element_type=\"container\" data-settings=\"{&quot;background_background&quot;:&quot;classic&quot;}\">\n\t\t\t\t<\/div>\n\t\t\t\t<\/div>\n\t\t\t\t\t<\/div>\n\t\t\t\t<\/div>\n\t\t<div class=\"elementor-element elementor-element-d6cc48d e-flex e-con-boxed e-con e-parent\" data-id=\"d6cc48d\" data-element_type=\"container\">\n\t\t\t\t\t<div class=\"e-con-inner\">\n\t\t<div class=\"elementor-element elementor-element-6fb0d44 e-con-full e-flex e-con e-child\" data-id=\"6fb0d44\" data-element_type=\"container\">\n\t\t\t\t<div class=\"elementor-element elementor-element-810f2dc elementor-invisible elementor-widget elementor-widget-heading\" data-id=\"810f2dc\" data-element_type=\"widget\" data-settings=\"{&quot;_animation&quot;:&quot;fadeInDown&quot;}\" data-widget_type=\"heading.default\">\n\t\t\t\t<div class=\"elementor-widget-container\">\n\t\t\t\t\t<h2 class=\"elementor-heading-title elementor-size-default\">Visi\u00f3n <\/h2>\t\t\t\t<\/div>\n\t\t\t\t<\/div>\n\t\t\t\t<\/div>\n\t\t<div class=\"elementor-element elementor-element-1005495 e-con-full e-flex e-con e-child\" data-id=\"1005495\" data-element_type=\"container\">\n\t\t\t\t<\/div>\n\t\t<div class=\"elementor-element elementor-element-6ce3862 e-con-full e-flex e-con e-child\" data-id=\"6ce3862\" data-element_type=\"container\">\n\t\t\t\t<div class=\"elementor-element elementor-element-b4d9c9c elementor-invisible elementor-widget elementor-widget-text-editor\" data-id=\"b4d9c9c\" data-element_type=\"widget\" data-settings=\"{&quot;_animation&quot;:&quot;fadeInUp&quot;}\" data-widget_type=\"text-editor.default\">\n\t\t\t\t<div class=\"elementor-widget-container\">\n\t\t\t\t\t\t\t\t\t<p>Nos proyectamos como una empresa l\u00edder y referente en la prestaci\u00f3n de servicios integrales de conserjer\u00eda, aseo, mantenimiento y medios tecnol\u00f3gicos en Medell\u00edn y el pa\u00eds. Queremos ser reconocidos por la <strong>excelencia, la eficiencia y la innovaci\u00f3n<\/strong> que entregamos, a trav\u00e9s de un equipo humano altamente capacitado y certificado, que asegura la gesti\u00f3n preventiva de entornos, el bienestar de las comunidades y la satisfacci\u00f3n total de nuestros clientes.<\/p>\t\t\t\t\t\t\t\t<\/div>\n\t\t\t\t<\/div>\n\t\t\t\t<\/div>\n\t\t<div class=\"elementor-element elementor-element-d112eb5 e-con-full e-flex e-con e-child\" data-id=\"d112eb5\" data-element_type=\"container\" data-settings=\"{&quot;background_background&quot;:&quot;classic&quot;}\">\n\t\t\t\t<\/div>\n\t\t\t\t\t<\/div>\n\t\t\t\t<\/div>\n\t\t\t\t<section class=\"elementor-section elementor-top-section elementor-element elementor-element-9948775 elementor-section-boxed elementor-section-height-default elementor-section-height-default\" data-id=\"9948775\" data-element_type=\"section\" data-settings=\"{&quot;background_background&quot;:&quot;classic&quot;}\">\n\t\t\t\t\t\t<div class=\"elementor-container elementor-column-gap-no\">\n\t\t\t\t\t<div class=\"elementor-column elementor-col-100 elementor-top-column elementor-element elementor-element-7b6034a\" data-id=\"7b6034a\" data-element_type=\"column\">\n\t\t\t<div class=\"elementor-widget-wrap elementor-element-populated\">\n\t\t\t\t\t\t<div class=\"elementor-element elementor-element-8ed37cd elementor-invisible elementor-widget elementor-widget-heading\" data-id=\"8ed37cd\" data-element_type=\"widget\" data-settings=\"{&quot;_animation&quot;:&quot;fadeInDown&quot;}\" data-widget_type=\"heading.default\">\n\t\t\t\t<div class=\"elementor-widget-container\">\n\t\t\t\t\t<h2 class=\"elementor-heading-title elementor-size-default\">Nuestros valores corporativos<\/h2>\t\t\t\t<\/div>\n\t\t\t\t<\/div>\n\t\t\t\t<div class=\"elementor-element elementor-element-9a959ed elementor-invisible elementor-widget elementor-widget-text-editor\" data-id=\"9a959ed\" data-element_type=\"widget\" data-settings=\"{&quot;_animation&quot;:&quot;fadeInUp&quot;}\" data-widget_type=\"text-editor.default\">\n\t\t\t\t<div class=\"elementor-widget-container\">\n\t\t\t\t\t\t\t\t\t<p><span style=\"vertical-align: inherit;\"><span style=\"vertical-align: inherit;\"><span style=\"vertical-align: inherit;\"><span style=\"vertical-align: inherit;\">\u2022 Confiabilidad <\/span><\/span><\/span><\/span><br \/><span style=\"vertical-align: inherit;\"><span style=\"vertical-align: inherit;\"><span style=\"vertical-align: inherit;\"><span style=\"vertical-align: inherit;\">\u2022 Respeto <\/span><\/span><\/span><\/span><br \/><span style=\"vertical-align: inherit;\"><span style=\"vertical-align: inherit;\"><span style=\"vertical-align: inherit;\"><span style=\"vertical-align: inherit;\">\u2022 Responsabilidad <\/span><\/span><\/span><\/span><br \/><span style=\"vertical-align: inherit;\"><span style=\"vertical-align: inherit;\"><span style=\"vertical-align: inherit;\"><span style=\"vertical-align: inherit;\">\u2022 Compromiso <\/span><\/span><\/span><\/span><br \/><span style=\"vertical-align: inherit;\"><span style=\"vertical-align: inherit;\"><span style=\"vertical-align: inherit;\"><span style=\"vertical-align: inherit;\">\u2022 Honestidad <\/span><\/span><\/span><\/span><br \/><span style=\"vertical-align: inherit;\"><span style=\"vertical-align: inherit;\"><span style=\"vertical-align: inherit;\"><span style=\"vertical-align: inherit;\">\u2022 Aptitud de servicio <\/span><\/span><\/span><\/span><br \/><span style=\"vertical-align: inherit;\"><span style=\"vertical-align: inherit;\"><span style=\"vertical-align: inherit;\"><span style=\"vertical-align: inherit;\">\u2022 Integridad <\/span><\/span><\/span><\/span><br \/><span style=\"vertical-align: inherit;\"><span style=\"vertical-align: inherit;\"><span style=\"vertical-align: inherit;\"><span style=\"vertical-align: inherit;\">\u2022 Igualdad<\/span><\/span><\/span><\/span><\/p>\t\t\t\t\t\t\t\t<\/div>\n\t\t\t\t<\/div>\n\t\t\t\t\t<\/div>\n\t\t<\/div>\n\t\t\t\t\t<\/div>\n\t\t<\/section>\n\t\t\t\t<\/div>\n\t\t","protected":false},"excerpt":{"rendered":"<p>Misi\u00f3n En SERUMA S.A.S. nos especializamos en ofrecer soluciones integrales en conserjer\u00eda, limpieza, mantenimiento y medios tecnol\u00f3gicos para los sectores residencial, comercial, industrial, hotelero y p\u00fablico.A trav\u00e9s de la formaci\u00f3n continua de nuestro equipo humano, garantizamos un servicio confiable y profesional, basado en la gesti\u00f3n preventiva de entornos y en altos est\u00e1ndares de calidad y [&hellip;]<\/p>\n","protected":false},"author":1,"featured_media":0,"parent":0,"menu_order":0,"comment_status":"closed","ping_status":"closed","template":"","meta":{"om_disable_all_campaigns":false,"_monsterinsights_skip_tracking":false,"_monsterinsights_sitenote_active":false,"_monsterinsights_sitenote_note":"","_monsterinsights_sitenote_category":0,"_joinchat":[],"footnotes":""},"class_list":["post-157","page","type-page","status-publish","hentry"],"aioseo_notices":[],"_links":{"self":[{"href":"https:\/\/gruposeruma.com\/index.php\/wp-json\/wp\/v2\/pages\/157","targetHints":{"allow":["GET"]}}],"collection":[{"href":"https:\/\/gruposeruma.com\/index.php\/wp-json\/wp\/v2\/pages"}],"about":[{"href":"https:\/\/gruposeruma.com\/index.php\/wp-json\/wp\/v2\/types\/page"}],"author":[{"embeddable":true,"href":"https:\/\/gruposeruma.com\/index.php\/wp-json\/wp\/v2\/users\/1"}],"replies":[{"embeddable":true,"href":"https:\/\/gruposeruma.com\/index.php\/wp-json\/wp\/v2\/comments?post=157"}],"version-history":[{"count":79,"href":"https:\/\/gruposeruma.com\/index.php\/wp-json\/wp\/v2\/pages\/157\/revisions"}],"predecessor-version":[{"id":1019,"href":"https:\/\/gruposeruma.com\/index.php\/wp-json\/wp\/v2\/pages\/157\/revisions\/1019"}],"wp:attachment":[{"href":"https:\/\/gruposeruma.com\/index.php\/wp-json\/wp\/v2\/media?parent=157"}],"curies":[{"name":"wp","href":"https:\/\/api.w.org\/{rel}","templated":true}]}}